{"id":953,"date":"2025-09-25T08:45:33","date_gmt":"2025-09-25T06:45:33","guid":{"rendered":"https:\/\/www.concaverde.com\/gallery\/"},"modified":"2025-09-25T09:06:03","modified_gmt":"2025-09-25T07:06:03","slug":"gallery","status":"publish","type":"page","link":"https:\/\/www.concaverde.com\/fr\/gallery\/","title":{"rendered":"Gallery"},"content":{"rendered":"<h1>D\u00e9couvrez la beaut\u00e9 qui vous attend.<\/h1>\n<p>Un voyage \u00e0 travers des chambres douillettes, des vues \u00e0 couper le souffle et des moments de d\u00e9tente.<\/p>\n","protected":false},"excerpt":{"rendered":"<p>D\u00e9couvrez la beaut\u00e9 qui vous attend. Un voyage \u00e0 travers des chambres douillettes, des vues \u00e0 couper le souffle et [&hellip;]<\/p>\n","protected":false},"author":1,"featured_media":0,"parent":0,"menu_order":0,"comment_status":"closed","ping_status":"closed","template":"page-gallery.php","meta":{"_acf_changed":false,"inline_featured_image":false,"footnotes":""},"class_list":["post-953","page","type-page","status-publish","hentry"],"acf":[],"yoast_head":"<!-- This site is optimized with the Yoast SEO plugin v27.5 - https:\/\/yoast.com\/product\/yoast-seo-wordpress\/ -->\n<title>Gallery - Hotel Conca Verde<\/title>\n<meta name=\"robots\" content=\"index, follow, max-snippet:-1, max-image-preview:large, max-video-preview:-1\" \/>\n<link rel=\"canonical\" href=\"https:\/\/www.concaverde.com\/fr\/gallery\/\" \/>\n<meta property=\"og:locale\" content=\"fr_FR\" \/>\n<meta property=\"og:type\" content=\"article\" \/>\n<meta property=\"og:title\" content=\"Gallery - Hotel Conca Verde\" \/>\n<meta property=\"og:description\" content=\"D\u00e9couvrez la beaut\u00e9 qui vous attend. Un voyage \u00e0 travers des chambres douillettes, des vues \u00e0 couper le souffle et [&hellip;]\" \/>\n<meta property=\"og:url\" content=\"https:\/\/www.concaverde.com\/fr\/gallery\/\" \/>\n<meta property=\"og:site_name\" content=\"Hotel Conca Verde\" \/>\n<meta property=\"article:modified_time\" content=\"2025-09-25T07:06:03+00:00\" \/>\n<meta name=\"twitter:card\" content=\"summary_large_image\" \/>\n<meta name=\"twitter:label1\" content=\"Dur\u00e9e de lecture estim\u00e9e\" \/>\n\t<meta name=\"twitter:data1\" content=\"1 minute\" \/>\n<script type=\"application\/ld+json\" class=\"yoast-schema-graph\">{\"@context\":\"https:\\\/\\\/schema.org\",\"@graph\":[{\"@type\":\"WebPage\",\"@id\":\"https:\\\/\\\/www.concaverde.com\\\/fr\\\/gallery\\\/\",\"url\":\"https:\\\/\\\/www.concaverde.com\\\/fr\\\/gallery\\\/\",\"name\":\"Gallery - Hotel Conca Verde\",\"isPartOf\":{\"@id\":\"https:\\\/\\\/www.concaverde.com\\\/fr\\\/#website\"},\"datePublished\":\"2025-09-25T06:45:33+00:00\",\"dateModified\":\"2025-09-25T07:06:03+00:00\",\"breadcrumb\":{\"@id\":\"https:\\\/\\\/www.concaverde.com\\\/fr\\\/gallery\\\/#breadcrumb\"},\"inLanguage\":\"fr-FR\",\"potentialAction\":[{\"@type\":\"ReadAction\",\"target\":[\"https:\\\/\\\/www.concaverde.com\\\/fr\\\/gallery\\\/\"]}]},{\"@type\":\"BreadcrumbList\",\"@id\":\"https:\\\/\\\/www.concaverde.com\\\/fr\\\/gallery\\\/#breadcrumb\",\"itemListElement\":[{\"@type\":\"ListItem\",\"position\":1,\"name\":\"Home\",\"item\":\"https:\\\/\\\/www.concaverde.com\\\/fr\\\/\"},{\"@type\":\"ListItem\",\"position\":2,\"name\":\"Gallery\"}]},{\"@type\":\"WebSite\",\"@id\":\"https:\\\/\\\/www.concaverde.com\\\/fr\\\/#website\",\"url\":\"https:\\\/\\\/www.concaverde.com\\\/fr\\\/\",\"name\":\"Hotel Conca Verde\",\"description\":\"Entre nature, silence et panoramas \u00e0 couper le souffle\",\"potentialAction\":[{\"@type\":\"SearchAction\",\"target\":{\"@type\":\"EntryPoint\",\"urlTemplate\":\"https:\\\/\\\/www.concaverde.com\\\/fr\\\/?s={search_term_string}\"},\"query-input\":{\"@type\":\"PropertyValueSpecification\",\"valueRequired\":true,\"valueName\":\"search_term_string\"}}],\"inLanguage\":\"fr-FR\"}]}<\/script>\n<!-- \/ Yoast SEO plugin. -->","yoast_head_json":{"title":"Gallery - Hotel Conca Verde","robots":{"index":"index","follow":"follow","max-snippet":"max-snippet:-1","max-image-preview":"max-image-preview:large","max-video-preview":"max-video-preview:-1"},"canonical":"https:\/\/www.concaverde.com\/fr\/gallery\/","og_locale":"fr_FR","og_type":"article","og_title":"Gallery - Hotel Conca Verde","og_description":"D\u00e9couvrez la beaut\u00e9 qui vous attend. Un voyage \u00e0 travers des chambres douillettes, des vues \u00e0 couper le souffle et [&hellip;]","og_url":"https:\/\/www.concaverde.com\/fr\/gallery\/","og_site_name":"Hotel Conca Verde","article_modified_time":"2025-09-25T07:06:03+00:00","twitter_card":"summary_large_image","twitter_misc":{"Dur\u00e9e de lecture estim\u00e9e":"1 minute"},"schema":{"@context":"https:\/\/schema.org","@graph":[{"@type":"WebPage","@id":"https:\/\/www.concaverde.com\/fr\/gallery\/","url":"https:\/\/www.concaverde.com\/fr\/gallery\/","name":"Gallery - Hotel Conca Verde","isPartOf":{"@id":"https:\/\/www.concaverde.com\/fr\/#website"},"datePublished":"2025-09-25T06:45:33+00:00","dateModified":"2025-09-25T07:06:03+00:00","breadcrumb":{"@id":"https:\/\/www.concaverde.com\/fr\/gallery\/#breadcrumb"},"inLanguage":"fr-FR","potentialAction":[{"@type":"ReadAction","target":["https:\/\/www.concaverde.com\/fr\/gallery\/"]}]},{"@type":"BreadcrumbList","@id":"https:\/\/www.concaverde.com\/fr\/gallery\/#breadcrumb","itemListElement":[{"@type":"ListItem","position":1,"name":"Home","item":"https:\/\/www.concaverde.com\/fr\/"},{"@type":"ListItem","position":2,"name":"Gallery"}]},{"@type":"WebSite","@id":"https:\/\/www.concaverde.com\/fr\/#website","url":"https:\/\/www.concaverde.com\/fr\/","name":"Hotel Conca Verde","description":"Entre nature, silence et panoramas \u00e0 couper le souffle","potentialAction":[{"@type":"SearchAction","target":{"@type":"EntryPoint","urlTemplate":"https:\/\/www.concaverde.com\/fr\/?s={search_term_string}"},"query-input":{"@type":"PropertyValueSpecification","valueRequired":true,"valueName":"search_term_string"}}],"inLanguage":"fr-FR"}]}},"_links":{"self":[{"href":"https:\/\/www.concaverde.com\/fr\/wp-json\/wp\/v2\/pages\/953","targetHints":{"allow":["GET"]}}],"collection":[{"href":"https:\/\/www.concaverde.com\/fr\/wp-json\/wp\/v2\/pages"}],"about":[{"href":"https:\/\/www.concaverde.com\/fr\/wp-json\/wp\/v2\/types\/page"}],"author":[{"embeddable":true,"href":"https:\/\/www.concaverde.com\/fr\/wp-json\/wp\/v2\/users\/1"}],"replies":[{"embeddable":true,"href":"https:\/\/www.concaverde.com\/fr\/wp-json\/wp\/v2\/comments?post=953"}],"version-history":[{"count":1,"href":"https:\/\/www.concaverde.com\/fr\/wp-json\/wp\/v2\/pages\/953\/revisions"}],"predecessor-version":[{"id":956,"href":"https:\/\/www.concaverde.com\/fr\/wp-json\/wp\/v2\/pages\/953\/revisions\/956"}],"wp:attachment":[{"href":"https:\/\/www.concaverde.com\/fr\/wp-json\/wp\/v2\/media?parent=953"}],"curies":[{"name":"wp","href":"https:\/\/api.w.org\/{rel}","templated":true}]}}